{"id":61170,"date":"2024-10-30T22:20:29","date_gmt":"2024-10-30T21:20:29","guid":{"rendered":"https:\/\/www.xitrust.com\/security\/"},"modified":"2024-10-30T22:20:29","modified_gmt":"2024-10-30T21:20:29","slug":"security","status":"publish","type":"page","link":"https:\/\/www.xitrust.com\/ch\/security\/","title":{"rendered":"Security"},"content":{"rendered":"\t\t<div data-elementor-type=\"wp-page\" data-elementor-id=\"61170\" class=\"elementor elementor-61170 elementor-61159\" data-elementor-post-type=\"page\">\n\t\t\t\t\t\t<section data-particle_enable=\"false\" data-particle-mobile-disabled=\"false\" class=\"elementor-section elementor-top-section elementor-element elementor-element-10e794e5 elementor-section-boxed elementor-section-height-default elementor-section-height-default\" data-id=\"10e794e5\" data-element_type=\"section\" data-e-type=\"section\">\n\t\t\t\t\t\t<div class=\"elementor-container elementor-column-gap-default\">\n\t\t\t\t\t<div class=\"elementor-column elementor-col-100 elementor-top-column elementor-element elementor-element-58513095\" data-id=\"58513095\" data-element_type=\"column\" data-e-type=\"column\">\n\t\t\t<div class=\"elementor-widget-wrap elementor-element-populated\">\n\t\t\t\t\t\t<div class=\"elementor-element elementor-element-e74c6f6 elementor-widget elementor-widget-heading\" data-id=\"e74c6f6\" data-element_type=\"widget\" data-e-type=\"widget\" data-widget_type=\"heading.default\">\n\t\t\t\t<div class=\"elementor-widget-container\">\n\t\t\t\t\t<h1 class=\"elementor-heading-title elementor-size-default\">Security<span>.<\/span><\/h1>\t\t\t\t<\/div>\n\t\t\t\t<\/div>\n\t\t\t\t<div class=\"elementor-element elementor-element-bc4a50d elementor-widget elementor-widget-text-editor\" data-id=\"bc4a50d\" data-element_type=\"widget\" data-e-type=\"widget\" data-widget_type=\"text-editor.default\">\n\t\t\t\t<div class=\"elementor-widget-container\">\n\t\t\t\t\t\t\t\t\t<p>F\u00fcr uns bei XiTrust hat die Sicherheit unserer Systeme h\u00f6chste Priorit\u00e4t. Doch so sehr wir uns auch darum bem\u00fchen, k\u00f6nnen immer noch Schwachstellen vorhanden sein. Wenn Sie eine Schwachstelle entdecken, bitten wir Sie, uns dies mitzuteilen, damit wir sie so schnell wie m\u00f6glich beheben k\u00f6nnen und den Schutz unserer Systeme und die unserer Kunden gew\u00e4hrleisten k\u00f6nnen.\n<br \/><br \/>\nWir bitten Sie, identifizierte Schwachstellen hier zu melden: <a href=\"mailto:security@xitrust.com\">security@xitrust.com<\/a><\/p>\t\t\t\t\t\t\t\t<\/div>\n\t\t\t\t<\/div>\n\t\t\t\t\t<\/div>\n\t\t<\/div>\n\t\t\t\t\t<\/div>\n\t\t<\/section>\n\t\t\t\t<\/div>\n\t\t","protected":false},"excerpt":{"rendered":"<p>Security. F\u00fcr uns bei XiTrust hat die Sicherheit unserer Systeme h\u00f6chste Priorit\u00e4t. Doch so sehr wir uns auch darum bem\u00fchen, k\u00f6nnen immer noch Schwachstellen vorhanden sein. Wenn Sie eine Schwachstelle entdecken, bitten wir Sie, uns dies mitzuteilen, damit wir sie so schnell wie m\u00f6glich beheben k\u00f6nnen und den Schutz unserer Systeme und die unserer Kunden [&hellip;]<\/p>\n","protected":false},"author":26,"featured_media":0,"parent":0,"menu_order":0,"comment_status":"closed","ping_status":"closed","template":"","meta":{"_eb_attr":"","site-sidebar-layout":"no-sidebar","site-content-layout":"page-builder","ast-site-content-layout":"full-width-container","site-content-style":"unboxed","site-sidebar-style":"unboxed","ast-global-header-display":"","ast-banner-title-visibility":"","ast-main-header-display":"","ast-hfb-above-header-display":"","ast-hfb-below-header-display":"","ast-hfb-mobile-header-display":"","site-post-title":"disabled","ast-breadcrumbs-content":"","ast-featured-img":"disabled","footer-sml-layout":"","ast-disable-related-posts":"","theme-transparent-header-meta":"default","adv-header-id-meta":"","stick-header-meta":"","header-above-stick-meta":"","header-main-stick-meta":"","header-below-stick-meta":"","astra-migrate-meta-layouts":"set","ast-page-background-enabled":"default","ast-page-background-meta":{"desktop":{"background-color":"","background-image":"","background-repeat":"repeat","background-position":"center center","background-size":"auto","background-attachment":"scroll","background-type":"","background-media":"","overlay-type":"","overlay-color":"","overlay-opacity":"","overlay-gradient":""},"tablet":{"background-color":"","background-image":"","background-repeat":"repeat","background-position":"center center","background-size":"auto","background-attachment":"scroll","background-type":"","background-media":"","overlay-type":"","overlay-color":"","overlay-opacity":"","overlay-gradient":""},"mobile":{"background-color":"","background-image":"","background-repeat":"repeat","background-position":"center center","background-size":"auto","background-attachment":"scroll","background-type":"","background-media":"","overlay-type":"","overlay-color":"","overlay-opacity":"","overlay-gradient":""}},"ast-content-background-meta":{"desktop":{"background-color":"var(--ast-global-color-5)","background-image":"","background-repeat":"repeat","background-position":"center center","background-size":"auto","background-attachment":"scroll","background-type":"","background-media":"","overlay-type":"","overlay-color":"","overlay-opacity":"","overlay-gradient":""},"tablet":{"background-color":"var(--ast-global-color-5)","background-image":"","background-repeat":"repeat","background-position":"center center","background-size":"auto","background-attachment":"scroll","background-type":"","background-media":"","overlay-type":"","overlay-color":"","overlay-opacity":"","overlay-gradient":""},"mobile":{"background-color":"var(--ast-global-color-5)","background-image":"","background-repeat":"repeat","background-position":"center center","background-size":"auto","background-attachment":"scroll","background-type":"","background-media":"","overlay-type":"","overlay-color":"","overlay-opacity":"","overlay-gradient":""}},"footnotes":"","_links_to":"","_links_to_target":""},"class_list":["post-61170","page","type-page","status-publish","hentry"],"yoast_head":"<!-- This site is optimized with the Yoast SEO Premium plugin v27.2 (Yoast SEO v27.2) - https:\/\/yoast.com\/product\/yoast-seo-premium-wordpress\/ -->\n<title>Security | XiTrust - The eSignature Company<\/title>\n<meta name=\"robots\" content=\"index, follow, max-snippet:-1, max-image-preview:large, max-video-preview:-1\" \/>\n<link rel=\"canonical\" href=\"https:\/\/www.xitrust.com\/ch\/security\/\" \/>\n<meta property=\"og:locale\" content=\"de_DE\" \/>\n<meta property=\"og:type\" content=\"article\" \/>\n<meta property=\"og:title\" content=\"Security\" \/>\n<meta property=\"og:description\" content=\"Security. F\u00fcr uns bei XiTrust hat die Sicherheit unserer Systeme h\u00f6chste Priorit\u00e4t. Doch so sehr wir uns auch darum bem\u00fchen, k\u00f6nnen immer noch Schwachstellen vorhanden sein. Wenn Sie eine Schwachstelle entdecken, bitten wir Sie, uns dies mitzuteilen, damit wir sie so schnell wie m\u00f6glich beheben k\u00f6nnen und den Schutz unserer Systeme und die unserer Kunden [&hellip;]\" \/>\n<meta property=\"og:url\" content=\"https:\/\/www.xitrust.com\/ch\/security\/\" \/>\n<meta property=\"og:site_name\" content=\"XiTrust - The eSignature Company\" \/>\n<meta property=\"article:publisher\" content=\"https:\/\/www.facebook.com\/XiTrustSecureTechnologiesGmbH\" \/>\n<meta name=\"twitter:card\" content=\"summary_large_image\" \/>\n<meta name=\"twitter:site\" content=\"@XiTrust_MOXIS\" \/>\n<script type=\"application\/ld+json\" class=\"yoast-schema-graph\">{\"@context\":\"https:\/\/schema.org\",\"@graph\":[{\"@type\":\"WebPage\",\"@id\":\"https:\/\/www.xitrust.com\/ch\/security\/\",\"url\":\"https:\/\/www.xitrust.com\/ch\/security\/\",\"name\":\"Security | XiTrust - The eSignature Company\",\"isPartOf\":{\"@id\":\"https:\/\/www.xitrust.com\/#website\"},\"datePublished\":\"2024-10-30T21:20:29+00:00\",\"breadcrumb\":{\"@id\":\"https:\/\/www.xitrust.com\/ch\/security\/#breadcrumb\"},\"inLanguage\":\"de-CH\",\"potentialAction\":[{\"@type\":\"ReadAction\",\"target\":[\"https:\/\/www.xitrust.com\/ch\/security\/\"]}]},{\"@type\":\"BreadcrumbList\",\"@id\":\"https:\/\/www.xitrust.com\/ch\/security\/#breadcrumb\",\"itemListElement\":[{\"@type\":\"ListItem\",\"position\":1,\"name\":\"XiTrust\",\"item\":\"https:\/\/www.xitrust.com\/\"},{\"@type\":\"ListItem\",\"position\":2,\"name\":\"Security\"}]},{\"@type\":\"WebSite\",\"@id\":\"https:\/\/www.xitrust.com\/#website\",\"url\":\"https:\/\/www.xitrust.com\/\",\"name\":\"XiTrust - The eSignature Company\",\"description\":\"\",\"publisher\":{\"@id\":\"https:\/\/www.xitrust.com\/#organization\"},\"potentialAction\":[{\"@type\":\"SearchAction\",\"target\":{\"@type\":\"EntryPoint\",\"urlTemplate\":\"https:\/\/www.xitrust.com\/?s={search_term_string}\"},\"query-input\":{\"@type\":\"PropertyValueSpecification\",\"valueRequired\":true,\"valueName\":\"search_term_string\"}}],\"inLanguage\":\"de-CH\"},{\"@type\":\"Organization\",\"@id\":\"https:\/\/www.xitrust.com\/#organization\",\"name\":\"XiTrust - The eSignature Company\",\"url\":\"https:\/\/www.xitrust.com\/\",\"logo\":{\"@type\":\"ImageObject\",\"inLanguage\":\"de-CH\",\"@id\":\"https:\/\/www.xitrust.com\/#\/schema\/logo\/image\/\",\"url\":\"https:\/\/www.xitrust.com\/app\/uploads\/2021\/10\/logo-xitrust-sticky.png\",\"contentUrl\":\"https:\/\/www.xitrust.com\/app\/uploads\/2021\/10\/logo-xitrust-sticky.png\",\"width\":99,\"height\":78,\"caption\":\"XiTrust - The eSignature Company\"},\"image\":{\"@id\":\"https:\/\/www.xitrust.com\/#\/schema\/logo\/image\/\"},\"sameAs\":[\"https:\/\/www.facebook.com\/XiTrustSecureTechnologiesGmbH\",\"https:\/\/x.com\/XiTrust_MOXIS\",\"https:\/\/www.linkedin.com\/company\/xitrust-the-esignature-company\/\",\"https:\/\/www.youtube.com\/xitrust\"]}]}<\/script>\n<!-- \/ Yoast SEO Premium plugin. -->","yoast_head_json":{"title":"Security | XiTrust - The eSignature Company","robots":{"index":"index","follow":"follow","max-snippet":"max-snippet:-1","max-image-preview":"max-image-preview:large","max-video-preview":"max-video-preview:-1"},"canonical":"https:\/\/www.xitrust.com\/ch\/security\/","og_locale":"de_DE","og_type":"article","og_title":"Security","og_description":"Security. F\u00fcr uns bei XiTrust hat die Sicherheit unserer Systeme h\u00f6chste Priorit\u00e4t. Doch so sehr wir uns auch darum bem\u00fchen, k\u00f6nnen immer noch Schwachstellen vorhanden sein. Wenn Sie eine Schwachstelle entdecken, bitten wir Sie, uns dies mitzuteilen, damit wir sie so schnell wie m\u00f6glich beheben k\u00f6nnen und den Schutz unserer Systeme und die unserer Kunden [&hellip;]","og_url":"https:\/\/www.xitrust.com\/ch\/security\/","og_site_name":"XiTrust - The eSignature Company","article_publisher":"https:\/\/www.facebook.com\/XiTrustSecureTechnologiesGmbH","twitter_card":"summary_large_image","twitter_site":"@XiTrust_MOXIS","schema":{"@context":"https:\/\/schema.org","@graph":[{"@type":"WebPage","@id":"https:\/\/www.xitrust.com\/ch\/security\/","url":"https:\/\/www.xitrust.com\/ch\/security\/","name":"Security | XiTrust - The eSignature Company","isPartOf":{"@id":"https:\/\/www.xitrust.com\/#website"},"datePublished":"2024-10-30T21:20:29+00:00","breadcrumb":{"@id":"https:\/\/www.xitrust.com\/ch\/security\/#breadcrumb"},"inLanguage":"de-CH","potentialAction":[{"@type":"ReadAction","target":["https:\/\/www.xitrust.com\/ch\/security\/"]}]},{"@type":"BreadcrumbList","@id":"https:\/\/www.xitrust.com\/ch\/security\/#breadcrumb","itemListElement":[{"@type":"ListItem","position":1,"name":"XiTrust","item":"https:\/\/www.xitrust.com\/"},{"@type":"ListItem","position":2,"name":"Security"}]},{"@type":"WebSite","@id":"https:\/\/www.xitrust.com\/#website","url":"https:\/\/www.xitrust.com\/","name":"XiTrust - The eSignature Company","description":"","publisher":{"@id":"https:\/\/www.xitrust.com\/#organization"},"potentialAction":[{"@type":"SearchAction","target":{"@type":"EntryPoint","urlTemplate":"https:\/\/www.xitrust.com\/?s={search_term_string}"},"query-input":{"@type":"PropertyValueSpecification","valueRequired":true,"valueName":"search_term_string"}}],"inLanguage":"de-CH"},{"@type":"Organization","@id":"https:\/\/www.xitrust.com\/#organization","name":"XiTrust - The eSignature Company","url":"https:\/\/www.xitrust.com\/","logo":{"@type":"ImageObject","inLanguage":"de-CH","@id":"https:\/\/www.xitrust.com\/#\/schema\/logo\/image\/","url":"https:\/\/www.xitrust.com\/app\/uploads\/2021\/10\/logo-xitrust-sticky.png","contentUrl":"https:\/\/www.xitrust.com\/app\/uploads\/2021\/10\/logo-xitrust-sticky.png","width":99,"height":78,"caption":"XiTrust - The eSignature Company"},"image":{"@id":"https:\/\/www.xitrust.com\/#\/schema\/logo\/image\/"},"sameAs":["https:\/\/www.facebook.com\/XiTrustSecureTechnologiesGmbH","https:\/\/x.com\/XiTrust_MOXIS","https:\/\/www.linkedin.com\/company\/xitrust-the-esignature-company\/","https:\/\/www.youtube.com\/xitrust"]}]}},"_links":{"self":[{"href":"https:\/\/www.xitrust.com\/ch\/wp-json\/wp\/v2\/pages\/61170","targetHints":{"allow":["GET"]}}],"collection":[{"href":"https:\/\/www.xitrust.com\/ch\/wp-json\/wp\/v2\/pages"}],"about":[{"href":"https:\/\/www.xitrust.com\/ch\/wp-json\/wp\/v2\/types\/page"}],"author":[{"embeddable":true,"href":"https:\/\/www.xitrust.com\/ch\/wp-json\/wp\/v2\/users\/26"}],"replies":[{"embeddable":true,"href":"https:\/\/www.xitrust.com\/ch\/wp-json\/wp\/v2\/comments?post=61170"}],"version-history":[{"count":0,"href":"https:\/\/www.xitrust.com\/ch\/wp-json\/wp\/v2\/pages\/61170\/revisions"}],"wp:attachment":[{"href":"https:\/\/www.xitrust.com\/ch\/wp-json\/wp\/v2\/media?parent=61170"}],"curies":[{"name":"wp","href":"https:\/\/api.w.org\/{rel}","templated":true}]}}