{"id":32471,"date":"2022-01-21T14:49:25","date_gmt":"2022-01-21T13:49:25","guid":{"rendered":"https:\/\/www.xitrust.com\/presseinformation-anwaelte-der-e-signatur\/"},"modified":"2023-02-21T10:43:48","modified_gmt":"2023-02-21T09:43:48","slug":"presseinformation-anwaelte-der-e-signatur","status":"publish","type":"page","link":"https:\/\/www.xitrust.com\/ch\/ueber-uns\/marketing-presse\/presseinformation-anwaelte-der-e-signatur\/","title":{"rendered":"Anw\u00e4lte der E-Signatur: Lenz &#038; Staehelin"},"content":{"rendered":"\t\t<div data-elementor-type=\"wp-page\" data-elementor-id=\"32471\" class=\"elementor elementor-32471 elementor-18285\" data-elementor-post-type=\"page\">\n\t\t\t\t\t\t<section data-particle_enable=\"false\" data-particle-mobile-disabled=\"false\" class=\"elementor-section elementor-top-section elementor-element elementor-element-a5e19b1 elementor-section-boxed elementor-section-height-default elementor-section-height-default\" data-id=\"a5e19b1\" data-element_type=\"section\" data-e-type=\"section\" data-settings=\"{&quot;background_background&quot;:&quot;classic&quot;}\">\n\t\t\t\t\t\t\t<div class=\"elementor-background-overlay\"><\/div>\n\t\t\t\t\t\t\t<div class=\"elementor-container elementor-column-gap-default\">\n\t\t\t\t\t<div class=\"elementor-column elementor-col-100 elementor-top-column elementor-element elementor-element-fa89135\" data-id=\"fa89135\" data-element_type=\"column\" data-e-type=\"column\">\n\t\t\t<div class=\"elementor-widget-wrap elementor-element-populated\">\n\t\t\t\t\t\t<div class=\"elementor-element elementor-element-3235bab elementor-widget elementor-widget-heading\" data-id=\"3235bab\" data-element_type=\"widget\" data-e-type=\"widget\" data-widget_type=\"heading.default\">\n\t\t\t\t<div class=\"elementor-widget-container\">\n\t\t\t\t\t<h1 class=\"elementor-heading-title elementor-size-default\">Presseinformation 10\/2021<span>.<\/span><\/h1>\t\t\t\t<\/div>\n\t\t\t\t<\/div>\n\t\t\t\t\t<\/div>\n\t\t<\/div>\n\t\t\t\t\t<\/div>\n\t\t<\/section>\n\t\t\t\t<section data-particle_enable=\"false\" data-particle-mobile-disabled=\"false\" class=\"elementor-section elementor-top-section elementor-element elementor-element-3100c8e elementor-section-boxed elementor-section-height-default elementor-section-height-default\" data-id=\"3100c8e\" data-element_type=\"section\" data-e-type=\"section\">\n\t\t\t\t\t\t<div class=\"elementor-container elementor-column-gap-default\">\n\t\t\t\t\t<div class=\"elementor-column elementor-col-100 elementor-top-column elementor-element elementor-element-cebc2a8\" data-id=\"cebc2a8\" data-element_type=\"column\" data-e-type=\"column\">\n\t\t\t<div class=\"elementor-widget-wrap elementor-element-populated\">\n\t\t\t\t\t\t<div class=\"elementor-element elementor-element-86a3e4f elementor-widget elementor-widget-spacer\" data-id=\"86a3e4f\" data-element_type=\"widget\" data-e-type=\"widget\" data-widget_type=\"spacer.default\">\n\t\t\t\t<div class=\"elementor-widget-container\">\n\t\t\t\t\t\t\t<div class=\"elementor-spacer\">\n\t\t\t<div class=\"elementor-spacer-inner\"><\/div>\n\t\t<\/div>\n\t\t\t\t\t\t<\/div>\n\t\t\t\t<\/div>\n\t\t\t\t\t<\/div>\n\t\t<\/div>\n\t\t\t\t\t<\/div>\n\t\t<\/section>\n\t\t\t\t<section data-particle_enable=\"false\" data-particle-mobile-disabled=\"false\" class=\"elementor-section elementor-top-section elementor-element elementor-element-9249080 elementor-section-boxed elementor-section-height-default elementor-section-height-default\" data-id=\"9249080\" data-element_type=\"section\" data-e-type=\"section\">\n\t\t\t\t\t\t<div class=\"elementor-container elementor-column-gap-default\">\n\t\t\t\t\t<div class=\"elementor-column elementor-col-100 elementor-top-column elementor-element elementor-element-8bb1adc\" data-id=\"8bb1adc\" data-element_type=\"column\" data-e-type=\"column\">\n\t\t\t<div class=\"elementor-widget-wrap elementor-element-populated\">\n\t\t\t\t\t\t<div class=\"elementor-element elementor-element-25b1197 elementor-widget elementor-widget-heading\" data-id=\"25b1197\" data-element_type=\"widget\" data-e-type=\"widget\" data-widget_type=\"heading.default\">\n\t\t\t\t<div class=\"elementor-widget-container\">\n\t\t\t\t\t<h2 class=\"elementor-heading-title elementor-size-default\">Anw\u00e4lte der E-Signatur<span>.<\/span><\/h2>\t\t\t\t<\/div>\n\t\t\t\t<\/div>\n\t\t\t\t\t<\/div>\n\t\t<\/div>\n\t\t\t\t\t<\/div>\n\t\t<\/section>\n\t\t\t\t<section data-particle_enable=\"false\" data-particle-mobile-disabled=\"false\" class=\"elementor-section elementor-top-section elementor-element elementor-element-a22af69 elementor-section-boxed elementor-section-height-default elementor-section-height-default\" data-id=\"a22af69\" data-element_type=\"section\" data-e-type=\"section\">\n\t\t\t\t\t\t<div class=\"elementor-container elementor-column-gap-default\">\n\t\t\t\t\t<div class=\"elementor-column elementor-col-100 elementor-top-column elementor-element elementor-element-6feb4e3\" data-id=\"6feb4e3\" data-element_type=\"column\" data-e-type=\"column\">\n\t\t\t<div class=\"elementor-widget-wrap elementor-element-populated\">\n\t\t\t\t\t\t<div class=\"elementor-element elementor-element-fbf1846 elementor-widget elementor-widget-text-editor\" data-id=\"fbf1846\" data-element_type=\"widget\" data-e-type=\"widget\" data-widget_type=\"text-editor.default\">\n\t\t\t\t<div class=\"elementor-widget-container\">\n\t\t\t\t\t\t\t\t\t<p><strong>Graz\/St. Gallen, 18.10.2021 \u2013 Das Schweizer Rechtsunternehmen Lenz &amp; Staehelin hat in MOXIS von XiTrust eine ma\u00dfgeschneiderte L\u00f6sung f\u00fcr elektronische Signaturen gefunden: MOXIS ist On-Premises zu betreiben und spielt alle Sicherheitsvorteile einer europ\u00e4ischen L\u00f6sung aus. Die Lawfirm arbeitet ausschlie\u00dflich mit qualifizierten elektronischen Signaturen.<\/strong><\/p><p>Lenz &amp; Staehelin geh\u00f6rt zu den gr\u00f6\u00dften Rechtsunternehmen in der Schweiz: 200 Anw\u00e4lte unterst\u00fctzen Klienten, die meistens aus Wirtschaft und Industrie kommen. Die Experten f\u00fcr Schweizer Wirtschaftsrecht nutzen zum Vorteil ihrer Klienten ab sofort MOXIS. Die E-Signatur-L\u00f6sung von XiTrust ist das einzige Produkt am Markt, dass die hohen Anspr\u00fcche von Lenz &amp; Staehelin an Sicherheit und Effizienz erf\u00fcllen konnte. Ausschlie\u00dflich qualifizierte elektronische Signaturen sollen in der t\u00e4glichen Praxis ausgel\u00f6st werden.<\/p><p>Die gesuchte E-Signatur-L\u00f6sung musste zudem zwingend On-Premises zu betreiben sein. \u201eDas geht leider nicht mit allen L\u00f6sungen, die auf dem Markt sind\u201c, sagt Davide Cortorreal, der IT-Verantwortliche von Lenz &amp; Staehelin. In der Partnerliste der Swisscom stie\u00dfen Lenz &amp; Staehelin auf die Leistungsvielfalt von XiTrust MOXIS.<\/p><p><strong>Qualifizierte elektronische Signatur On-Premises<\/strong><\/p><p>\u201eIn allen Rechtsangelegenheiten nutzen wir die h\u00f6chstwertige Signatur\u201c, sagt der IT-Manager. \u201eWir haben in MOXIS nicht nur eine L\u00f6sung, die wir auf unseren firmeneigenen Servern betreiben k\u00f6nnen, sondern eine, die auch noch qualifizierte elektronische Signaturen kann.\u201c<\/p><p>200 Anw\u00e4lte arbeiten bei Lenz &amp; Staehelin f\u00fcr die Klienten. Damit ist das Haus mit Standorten in Genf, Z\u00fcrich und Lausanne eine der gr\u00f6\u00dften Kanzleien in der Schweiz. Vor allem Unternehmen suchen den Rat von Lenz &amp; Staehelin. Vertragsrecht, Steuerrecht, Arbeitsrecht, Finanzrecht und Fragen des geistigen Eigentums geh\u00f6ren zu den Schwerpunkten der Lawfirm.<\/p>\t\t\t\t\t\t\t\t<\/div>\n\t\t\t\t<\/div>\n\t\t\t\t\t<\/div>\n\t\t<\/div>\n\t\t\t\t\t<\/div>\n\t\t<\/section>\n\t\t\t\t<section data-particle_enable=\"false\" data-particle-mobile-disabled=\"false\" class=\"elementor-section elementor-top-section elementor-element elementor-element-9ad5bd3 elementor-section-boxed elementor-section-height-default elementor-section-height-default\" data-id=\"9ad5bd3\" data-element_type=\"section\" data-e-type=\"section\">\n\t\t\t\t\t\t<div class=\"elementor-container elementor-column-gap-default\">\n\t\t\t\t\t<div class=\"elementor-column elementor-col-100 elementor-top-column elementor-element elementor-element-5612de8\" data-id=\"5612de8\" data-element_type=\"column\" data-e-type=\"column\">\n\t\t\t<div class=\"elementor-widget-wrap elementor-element-populated\">\n\t\t\t\t\t\t<div class=\"elementor-element elementor-element-f1d9747 elementor-widget elementor-widget-heading\" data-id=\"f1d9747\" data-element_type=\"widget\" data-e-type=\"widget\" data-widget_type=\"heading.default\">\n\t\t\t\t<div class=\"elementor-widget-container\">\n\t\t\t\t\t<h2 class=\"elementor-heading-title elementor-size-default\">Kontakt<span>.<\/span><\/h2>\t\t\t\t<\/div>\n\t\t\t\t<\/div>\n\t\t\t\t<section data-particle_enable=\"false\" data-particle-mobile-disabled=\"false\" class=\"elementor-section elementor-inner-section elementor-element elementor-element-0930cb5 elementor-section-boxed elementor-section-height-default elementor-section-height-default\" data-id=\"0930cb5\" data-element_type=\"section\" data-e-type=\"section\">\n\t\t\t\t\t\t<div class=\"elementor-container elementor-column-gap-default\">\n\t\t\t\t\t<div class=\"elementor-column elementor-col-100 elementor-inner-column elementor-element elementor-element-2fa05d7\" data-id=\"2fa05d7\" data-element_type=\"column\" data-e-type=\"column\">\n\t\t\t<div class=\"elementor-widget-wrap elementor-element-populated\">\n\t\t\t\t\t\t<div class=\"elementor-element elementor-element-402805a elementor-widget elementor-widget-text-editor\" data-id=\"402805a\" data-element_type=\"widget\" data-e-type=\"widget\" data-widget_type=\"text-editor.default\">\n\t\t\t\t<div class=\"elementor-widget-container\">\n\t\t\t\t\t\t\t\t\t<p style=\"text-align: center;\">Presse<br><a href=\"mailto:presse@xitrust.com\"><strong>presse@xitrust.com<\/strong><\/a><\/p>\t\t\t\t\t\t\t\t<\/div>\n\t\t\t\t<\/div>\n\t\t\t\t\t<\/div>\n\t\t<\/div>\n\t\t\t\t\t<\/div>\n\t\t<\/section>\n\t\t\t\t\t<\/div>\n\t\t<\/div>\n\t\t\t\t\t<\/div>\n\t\t<\/section>\n\t\t\t\t<\/div>\n\t\t","protected":false},"excerpt":{"rendered":"<p>Presseinformation 10\/2021. Anw\u00e4lte der E-Signatur. Graz\/St. Gallen, 18.10.2021 \u2013 Das Schweizer Rechtsunternehmen Lenz &amp; Staehelin hat in MOXIS von XiTrust eine ma\u00dfgeschneiderte L\u00f6sung f\u00fcr elektronische Signaturen gefunden: MOXIS ist On-Premises zu betreiben und spielt alle Sicherheitsvorteile einer europ\u00e4ischen L\u00f6sung aus. Die Lawfirm arbeitet ausschlie\u00dflich mit qualifizierten elektronischen Signaturen. Lenz &amp; Staehelin geh\u00f6rt zu den gr\u00f6\u00dften [&hellip;]<\/p>\n","protected":false},"author":11,"featured_media":0,"parent":32530,"menu_order":0,"comment_status":"closed","ping_status":"closed","template":"","meta":{"_eb_attr":"","site-sidebar-layout":"no-sidebar","site-content-layout":"page-builder","ast-site-content-layout":"default","site-content-style":"default","site-sidebar-style":"default","ast-global-header-display":"","ast-banner-title-visibility":"","ast-main-header-display":"","ast-hfb-above-header-display":"","ast-hfb-below-header-display":"","ast-hfb-mobile-header-display":"","site-post-title":"disabled","ast-breadcrumbs-content":"","ast-featured-img":"disabled","footer-sml-layout":"","ast-disable-related-posts":"","theme-transparent-header-meta":"default","adv-header-id-meta":"","stick-header-meta":"","header-above-stick-meta":"","header-main-stick-meta":"","header-below-stick-meta":"","astra-migrate-meta-layouts":"default","ast-page-background-enabled":"default","ast-page-background-meta":{"desktop":{"background-color":"","background-image":"","background-repeat":"repeat","background-position":"center center","background-size":"auto","background-attachment":"scroll","background-type":"","background-media":"","overlay-type":"","overlay-color":"","overlay-opacity":"","overlay-gradient":""},"tablet":{"background-color":"","background-image":"","background-repeat":"repeat","background-position":"center center","background-size":"auto","background-attachment":"scroll","background-type":"","background-media":"","overlay-type":"","overlay-color":"","overlay-opacity":"","overlay-gradient":""},"mobile":{"background-color":"","background-image":"","background-repeat":"repeat","background-position":"center center","background-size":"auto","background-attachment":"scroll","background-type":"","background-media":"","overlay-type":"","overlay-color":"","overlay-opacity":"","overlay-gradient":""}},"ast-content-background-meta":{"desktop":{"background-color":"var(--ast-global-color-5)","background-image":"","background-repeat":"repeat","background-position":"center center","background-size":"auto","background-attachment":"scroll","background-type":"","background-media":"","overlay-type":"","overlay-color":"","overlay-opacity":"","overlay-gradient":""},"tablet":{"background-color":"var(--ast-global-color-5)","background-image":"","background-repeat":"repeat","background-position":"center center","background-size":"auto","background-attachment":"scroll","background-type":"","background-media":"","overlay-type":"","overlay-color":"","overlay-opacity":"","overlay-gradient":""},"mobile":{"background-color":"var(--ast-global-color-5)","background-image":"","background-repeat":"repeat","background-position":"center center","background-size":"auto","background-attachment":"scroll","background-type":"","background-media":"","overlay-type":"","overlay-color":"","overlay-opacity":"","overlay-gradient":""}},"footnotes":"","_links_to":"","_links_to_target":""},"class_list":["post-32471","page","type-page","status-publish","hentry"],"yoast_head":"<!-- This site is optimized with the Yoast SEO Premium plugin v27.2 (Yoast SEO v27.2) - https:\/\/yoast.com\/product\/yoast-seo-premium-wordpress\/ -->\n<title>Anw\u00e4lte der E-Signatur: Lenz &amp; Staehelin | XiTrust - The eSignature Company<\/title>\n<meta name=\"description\" content=\"Das Schweizer Rechtsunternehmen Lenz &amp; Staehelin hat in MOXIS von XiTrust eine ma\u00dfgeschneiderte L\u00f6sung f\u00fcr elektronische Signaturen gefunden: MOXIS ist On-Premises zu betreiben und spielt alle Sicherheitsvorteile einer europ\u00e4ischen L\u00f6sung aus.\" \/>\n<meta name=\"robots\" content=\"index, follow, max-snippet:-1, max-image-preview:large, max-video-preview:-1\" \/>\n<link rel=\"canonical\" href=\"https:\/\/www.xitrust.com\/ch\/ueber-uns\/marketing-presse\/presseinformation-anwaelte-der-e-signatur\/\" \/>\n<meta property=\"og:locale\" content=\"de_DE\" \/>\n<meta property=\"og:type\" content=\"article\" \/>\n<meta property=\"og:title\" content=\"Anw\u00e4lte der E-Signatur: Lenz &amp; Staehelin\" \/>\n<meta property=\"og:description\" content=\"Das Schweizer Rechtsunternehmen Lenz &amp; Staehelin hat in MOXIS von XiTrust eine ma\u00dfgeschneiderte L\u00f6sung f\u00fcr elektronische Signaturen gefunden: MOXIS ist On-Premises zu betreiben und spielt alle Sicherheitsvorteile einer europ\u00e4ischen L\u00f6sung aus.\" \/>\n<meta property=\"og:url\" content=\"https:\/\/www.xitrust.com\/ch\/ueber-uns\/marketing-presse\/presseinformation-anwaelte-der-e-signatur\/\" \/>\n<meta property=\"og:site_name\" content=\"XiTrust - The eSignature Company\" \/>\n<meta property=\"article:publisher\" content=\"https:\/\/www.facebook.com\/XiTrustSecureTechnologiesGmbH\" \/>\n<meta property=\"article:modified_time\" content=\"2023-02-21T09:43:48+00:00\" \/>\n<meta name=\"twitter:card\" content=\"summary_large_image\" \/>\n<meta name=\"twitter:site\" content=\"@XiTrust_MOXIS\" \/>\n<meta name=\"twitter:label1\" content=\"Est. reading time\" \/>\n\t<meta name=\"twitter:data1\" content=\"2 minutes\" \/>\n<script type=\"application\/ld+json\" class=\"yoast-schema-graph\">{\"@context\":\"https:\/\/schema.org\",\"@graph\":[{\"@type\":\"WebPage\",\"@id\":\"https:\/\/www.xitrust.com\/ch\/ueber-uns\/marketing-presse\/presseinformation-anwaelte-der-e-signatur\/\",\"url\":\"https:\/\/www.xitrust.com\/ch\/ueber-uns\/marketing-presse\/presseinformation-anwaelte-der-e-signatur\/\",\"name\":\"Anw\u00e4lte der E-Signatur: Lenz & Staehelin | XiTrust - The eSignature Company\",\"isPartOf\":{\"@id\":\"https:\/\/www.xitrust.com\/#website\"},\"datePublished\":\"2022-01-21T13:49:25+00:00\",\"dateModified\":\"2023-02-21T09:43:48+00:00\",\"description\":\"Das Schweizer Rechtsunternehmen Lenz & Staehelin hat in MOXIS von XiTrust eine ma\u00dfgeschneiderte L\u00f6sung f\u00fcr elektronische Signaturen gefunden: MOXIS ist On-Premises zu betreiben und spielt alle Sicherheitsvorteile einer europ\u00e4ischen L\u00f6sung aus.\",\"breadcrumb\":{\"@id\":\"https:\/\/www.xitrust.com\/ch\/ueber-uns\/marketing-presse\/presseinformation-anwaelte-der-e-signatur\/#breadcrumb\"},\"inLanguage\":\"de-CH\",\"potentialAction\":[{\"@type\":\"ReadAction\",\"target\":[\"https:\/\/www.xitrust.com\/ch\/ueber-uns\/marketing-presse\/presseinformation-anwaelte-der-e-signatur\/\"]}]},{\"@type\":\"BreadcrumbList\",\"@id\":\"https:\/\/www.xitrust.com\/ch\/ueber-uns\/marketing-presse\/presseinformation-anwaelte-der-e-signatur\/#breadcrumb\",\"itemListElement\":[{\"@type\":\"ListItem\",\"position\":1,\"name\":\"XiTrust\",\"item\":\"https:\/\/www.xitrust.com\/\"},{\"@type\":\"ListItem\",\"position\":2,\"name\":\"\u00dcber uns\",\"item\":\"https:\/\/www.xitrust.com\/ch\/ueber-uns\/\"},{\"@type\":\"ListItem\",\"position\":3,\"name\":\"Marketing &#038; Presse\",\"item\":\"https:\/\/www.xitrust.com\/ch\/ueber-uns\/marketing-presse\/\"},{\"@type\":\"ListItem\",\"position\":4,\"name\":\"Anw\u00e4lte der E-Signatur: Lenz &#038; Staehelin\"}]},{\"@type\":\"WebSite\",\"@id\":\"https:\/\/www.xitrust.com\/#website\",\"url\":\"https:\/\/www.xitrust.com\/\",\"name\":\"XiTrust - The eSignature Company\",\"description\":\"\",\"publisher\":{\"@id\":\"https:\/\/www.xitrust.com\/#organization\"},\"potentialAction\":[{\"@type\":\"SearchAction\",\"target\":{\"@type\":\"EntryPoint\",\"urlTemplate\":\"https:\/\/www.xitrust.com\/?s={search_term_string}\"},\"query-input\":{\"@type\":\"PropertyValueSpecification\",\"valueRequired\":true,\"valueName\":\"search_term_string\"}}],\"inLanguage\":\"de-CH\"},{\"@type\":\"Organization\",\"@id\":\"https:\/\/www.xitrust.com\/#organization\",\"name\":\"XiTrust - The eSignature Company\",\"url\":\"https:\/\/www.xitrust.com\/\",\"logo\":{\"@type\":\"ImageObject\",\"inLanguage\":\"de-CH\",\"@id\":\"https:\/\/www.xitrust.com\/#\/schema\/logo\/image\/\",\"url\":\"https:\/\/www.xitrust.com\/app\/uploads\/2021\/10\/logo-xitrust-sticky.png\",\"contentUrl\":\"https:\/\/www.xitrust.com\/app\/uploads\/2021\/10\/logo-xitrust-sticky.png\",\"width\":99,\"height\":78,\"caption\":\"XiTrust - The eSignature Company\"},\"image\":{\"@id\":\"https:\/\/www.xitrust.com\/#\/schema\/logo\/image\/\"},\"sameAs\":[\"https:\/\/www.facebook.com\/XiTrustSecureTechnologiesGmbH\",\"https:\/\/x.com\/XiTrust_MOXIS\",\"https:\/\/www.linkedin.com\/company\/xitrust-the-esignature-company\/\",\"https:\/\/www.youtube.com\/xitrust\"]}]}<\/script>\n<!-- \/ Yoast SEO Premium plugin. -->","yoast_head_json":{"title":"Anw\u00e4lte der E-Signatur: Lenz & Staehelin | XiTrust - The eSignature Company","description":"Das Schweizer Rechtsunternehmen Lenz & Staehelin hat in MOXIS von XiTrust eine ma\u00dfgeschneiderte L\u00f6sung f\u00fcr elektronische Signaturen gefunden: MOXIS ist On-Premises zu betreiben und spielt alle Sicherheitsvorteile einer europ\u00e4ischen L\u00f6sung aus.","robots":{"index":"index","follow":"follow","max-snippet":"max-snippet:-1","max-image-preview":"max-image-preview:large","max-video-preview":"max-video-preview:-1"},"canonical":"https:\/\/www.xitrust.com\/ch\/ueber-uns\/marketing-presse\/presseinformation-anwaelte-der-e-signatur\/","og_locale":"de_DE","og_type":"article","og_title":"Anw\u00e4lte der E-Signatur: Lenz & Staehelin","og_description":"Das Schweizer Rechtsunternehmen Lenz & Staehelin hat in MOXIS von XiTrust eine ma\u00dfgeschneiderte L\u00f6sung f\u00fcr elektronische Signaturen gefunden: MOXIS ist On-Premises zu betreiben und spielt alle Sicherheitsvorteile einer europ\u00e4ischen L\u00f6sung aus.","og_url":"https:\/\/www.xitrust.com\/ch\/ueber-uns\/marketing-presse\/presseinformation-anwaelte-der-e-signatur\/","og_site_name":"XiTrust - The eSignature Company","article_publisher":"https:\/\/www.facebook.com\/XiTrustSecureTechnologiesGmbH","article_modified_time":"2023-02-21T09:43:48+00:00","twitter_card":"summary_large_image","twitter_site":"@XiTrust_MOXIS","twitter_misc":{"Est. reading time":"2 minutes"},"schema":{"@context":"https:\/\/schema.org","@graph":[{"@type":"WebPage","@id":"https:\/\/www.xitrust.com\/ch\/ueber-uns\/marketing-presse\/presseinformation-anwaelte-der-e-signatur\/","url":"https:\/\/www.xitrust.com\/ch\/ueber-uns\/marketing-presse\/presseinformation-anwaelte-der-e-signatur\/","name":"Anw\u00e4lte der E-Signatur: Lenz & Staehelin | XiTrust - The eSignature Company","isPartOf":{"@id":"https:\/\/www.xitrust.com\/#website"},"datePublished":"2022-01-21T13:49:25+00:00","dateModified":"2023-02-21T09:43:48+00:00","description":"Das Schweizer Rechtsunternehmen Lenz & Staehelin hat in MOXIS von XiTrust eine ma\u00dfgeschneiderte L\u00f6sung f\u00fcr elektronische Signaturen gefunden: MOXIS ist On-Premises zu betreiben und spielt alle Sicherheitsvorteile einer europ\u00e4ischen L\u00f6sung aus.","breadcrumb":{"@id":"https:\/\/www.xitrust.com\/ch\/ueber-uns\/marketing-presse\/presseinformation-anwaelte-der-e-signatur\/#breadcrumb"},"inLanguage":"de-CH","potentialAction":[{"@type":"ReadAction","target":["https:\/\/www.xitrust.com\/ch\/ueber-uns\/marketing-presse\/presseinformation-anwaelte-der-e-signatur\/"]}]},{"@type":"BreadcrumbList","@id":"https:\/\/www.xitrust.com\/ch\/ueber-uns\/marketing-presse\/presseinformation-anwaelte-der-e-signatur\/#breadcrumb","itemListElement":[{"@type":"ListItem","position":1,"name":"XiTrust","item":"https:\/\/www.xitrust.com\/"},{"@type":"ListItem","position":2,"name":"\u00dcber uns","item":"https:\/\/www.xitrust.com\/ch\/ueber-uns\/"},{"@type":"ListItem","position":3,"name":"Marketing &#038; Presse","item":"https:\/\/www.xitrust.com\/ch\/ueber-uns\/marketing-presse\/"},{"@type":"ListItem","position":4,"name":"Anw\u00e4lte der E-Signatur: Lenz &#038; Staehelin"}]},{"@type":"WebSite","@id":"https:\/\/www.xitrust.com\/#website","url":"https:\/\/www.xitrust.com\/","name":"XiTrust - The eSignature Company","description":"","publisher":{"@id":"https:\/\/www.xitrust.com\/#organization"},"potentialAction":[{"@type":"SearchAction","target":{"@type":"EntryPoint","urlTemplate":"https:\/\/www.xitrust.com\/?s={search_term_string}"},"query-input":{"@type":"PropertyValueSpecification","valueRequired":true,"valueName":"search_term_string"}}],"inLanguage":"de-CH"},{"@type":"Organization","@id":"https:\/\/www.xitrust.com\/#organization","name":"XiTrust - The eSignature Company","url":"https:\/\/www.xitrust.com\/","logo":{"@type":"ImageObject","inLanguage":"de-CH","@id":"https:\/\/www.xitrust.com\/#\/schema\/logo\/image\/","url":"https:\/\/www.xitrust.com\/app\/uploads\/2021\/10\/logo-xitrust-sticky.png","contentUrl":"https:\/\/www.xitrust.com\/app\/uploads\/2021\/10\/logo-xitrust-sticky.png","width":99,"height":78,"caption":"XiTrust - The eSignature Company"},"image":{"@id":"https:\/\/www.xitrust.com\/#\/schema\/logo\/image\/"},"sameAs":["https:\/\/www.facebook.com\/XiTrustSecureTechnologiesGmbH","https:\/\/x.com\/XiTrust_MOXIS","https:\/\/www.linkedin.com\/company\/xitrust-the-esignature-company\/","https:\/\/www.youtube.com\/xitrust"]}]}},"_links":{"self":[{"href":"https:\/\/www.xitrust.com\/ch\/wp-json\/wp\/v2\/pages\/32471","targetHints":{"allow":["GET"]}}],"collection":[{"href":"https:\/\/www.xitrust.com\/ch\/wp-json\/wp\/v2\/pages"}],"about":[{"href":"https:\/\/www.xitrust.com\/ch\/wp-json\/wp\/v2\/types\/page"}],"author":[{"embeddable":true,"href":"https:\/\/www.xitrust.com\/ch\/wp-json\/wp\/v2\/users\/11"}],"replies":[{"embeddable":true,"href":"https:\/\/www.xitrust.com\/ch\/wp-json\/wp\/v2\/comments?post=32471"}],"version-history":[{"count":4,"href":"https:\/\/www.xitrust.com\/ch\/wp-json\/wp\/v2\/pages\/32471\/revisions"}],"predecessor-version":[{"id":33072,"href":"https:\/\/www.xitrust.com\/ch\/wp-json\/wp\/v2\/pages\/32471\/revisions\/33072"}],"up":[{"embeddable":true,"href":"https:\/\/www.xitrust.com\/ch\/wp-json\/wp\/v2\/pages\/32530"}],"wp:attachment":[{"href":"https:\/\/www.xitrust.com\/ch\/wp-json\/wp\/v2\/media?parent=32471"}],"curies":[{"name":"wp","href":"https:\/\/api.w.org\/{rel}","templated":true}]}}