{"id":32458,"date":"2022-02-23T12:01:53","date_gmt":"2022-02-23T11:01:53","guid":{"rendered":"https:\/\/www.xitrust.com\/presseinformation-das-hat-gesicht\/"},"modified":"2023-02-21T10:40:07","modified_gmt":"2023-02-21T09:40:07","slug":"presseinformation-das-hat-gesicht","status":"publish","type":"page","link":"https:\/\/www.xitrust.com\/ch\/ueber-uns\/marketing-presse\/presseinformation-das-hat-gesicht\/","title":{"rendered":"&#8220;Be present&#8221;: Das hat Gesicht"},"content":{"rendered":"\t\t<div data-elementor-type=\"wp-page\" data-elementor-id=\"32458\" class=\"elementor elementor-32458 elementor-20437\" data-elementor-post-type=\"page\">\n\t\t\t\t\t\t<section data-particle_enable=\"false\" data-particle-mobile-disabled=\"false\" class=\"elementor-section elementor-top-section elementor-element elementor-element-a5e19b1 elementor-section-boxed elementor-section-height-default elementor-section-height-default\" data-id=\"a5e19b1\" data-element_type=\"section\" data-e-type=\"section\" data-settings=\"{&quot;background_background&quot;:&quot;classic&quot;}\">\n\t\t\t\t\t\t\t<div class=\"elementor-background-overlay\"><\/div>\n\t\t\t\t\t\t\t<div class=\"elementor-container elementor-column-gap-default\">\n\t\t\t\t\t<div class=\"elementor-column elementor-col-100 elementor-top-column elementor-element elementor-element-fa89135\" data-id=\"fa89135\" data-element_type=\"column\" data-e-type=\"column\">\n\t\t\t<div class=\"elementor-widget-wrap elementor-element-populated\">\n\t\t\t\t\t\t<div class=\"elementor-element elementor-element-3235bab elementor-widget elementor-widget-heading\" data-id=\"3235bab\" data-element_type=\"widget\" data-e-type=\"widget\" data-widget_type=\"heading.default\">\n\t\t\t\t<div class=\"elementor-widget-container\">\n\t\t\t\t\t<h1 class=\"elementor-heading-title elementor-size-default\">Presseinformation 02\/2022<span>.<\/span><\/h1>\t\t\t\t<\/div>\n\t\t\t\t<\/div>\n\t\t\t\t\t<\/div>\n\t\t<\/div>\n\t\t\t\t\t<\/div>\n\t\t<\/section>\n\t\t\t\t<section data-particle_enable=\"false\" data-particle-mobile-disabled=\"false\" class=\"elementor-section elementor-top-section elementor-element elementor-element-3100c8e elementor-section-boxed elementor-section-height-default elementor-section-height-default\" data-id=\"3100c8e\" data-element_type=\"section\" data-e-type=\"section\">\n\t\t\t\t\t\t<div class=\"elementor-container elementor-column-gap-default\">\n\t\t\t\t\t<div class=\"elementor-column elementor-col-100 elementor-top-column elementor-element elementor-element-cebc2a8\" data-id=\"cebc2a8\" data-element_type=\"column\" data-e-type=\"column\">\n\t\t\t<div class=\"elementor-widget-wrap elementor-element-populated\">\n\t\t\t\t\t\t<div class=\"elementor-element elementor-element-86a3e4f elementor-widget elementor-widget-spacer\" data-id=\"86a3e4f\" data-element_type=\"widget\" data-e-type=\"widget\" data-widget_type=\"spacer.default\">\n\t\t\t\t<div class=\"elementor-widget-container\">\n\t\t\t\t\t\t\t<div class=\"elementor-spacer\">\n\t\t\t<div class=\"elementor-spacer-inner\"><\/div>\n\t\t<\/div>\n\t\t\t\t\t\t<\/div>\n\t\t\t\t<\/div>\n\t\t\t\t\t<\/div>\n\t\t<\/div>\n\t\t\t\t\t<\/div>\n\t\t<\/section>\n\t\t\t\t<section data-particle_enable=\"false\" data-particle-mobile-disabled=\"false\" class=\"elementor-section elementor-top-section elementor-element elementor-element-9249080 elementor-section-boxed elementor-section-height-default elementor-section-height-default\" data-id=\"9249080\" data-element_type=\"section\" data-e-type=\"section\">\n\t\t\t\t\t\t<div class=\"elementor-container elementor-column-gap-default\">\n\t\t\t\t\t<div class=\"elementor-column elementor-col-100 elementor-top-column elementor-element elementor-element-8bb1adc\" data-id=\"8bb1adc\" data-element_type=\"column\" data-e-type=\"column\">\n\t\t\t<div class=\"elementor-widget-wrap elementor-element-populated\">\n\t\t\t\t\t\t<div class=\"elementor-element elementor-element-25b1197 elementor-widget elementor-widget-heading\" data-id=\"25b1197\" data-element_type=\"widget\" data-e-type=\"widget\" data-widget_type=\"heading.default\">\n\t\t\t\t<div class=\"elementor-widget-container\">\n\t\t\t\t\t<h2 class=\"elementor-heading-title elementor-size-default\">Das hat Gesicht<span>.<\/span><\/h2>\t\t\t\t<\/div>\n\t\t\t\t<\/div>\n\t\t\t\t\t<\/div>\n\t\t<\/div>\n\t\t\t\t\t<\/div>\n\t\t<\/section>\n\t\t\t\t<section data-particle_enable=\"false\" data-particle-mobile-disabled=\"false\" class=\"elementor-section elementor-top-section elementor-element elementor-element-a22af69 elementor-section-boxed elementor-section-height-default elementor-section-height-default\" data-id=\"a22af69\" data-element_type=\"section\" data-e-type=\"section\">\n\t\t\t\t\t\t<div class=\"elementor-container elementor-column-gap-default\">\n\t\t\t\t\t<div class=\"elementor-column elementor-col-100 elementor-top-column elementor-element elementor-element-6feb4e3\" data-id=\"6feb4e3\" data-element_type=\"column\" data-e-type=\"column\">\n\t\t\t<div class=\"elementor-widget-wrap elementor-element-populated\">\n\t\t\t\t\t\t<div class=\"elementor-element elementor-element-fbf1846 elementor-widget elementor-widget-text-editor\" data-id=\"fbf1846\" data-element_type=\"widget\" data-e-type=\"widget\" data-widget_type=\"text-editor.default\">\n\t\t\t\t<div class=\"elementor-widget-container\">\n\t\t\t\t\t\t\t\t\t<p><strong>Graz, 21.02.2022 \u2013 Mit seiner neuen Kampagne \u201eBe present\u201c bindet XiTrust Kunden wie Mitarbeiter gleicherma\u00dfen ein. Gro\u00dfformatige Portraits geben Kunden und den Mitarbeitern von XiTrust ein Gesicht. Sie alle werden mit ihrem individuellen Zugang zum Thema Gegenw\u00e4rtigkeit zitiert. Die einzigartige Kampagne schl\u00e4gt damit eine Br\u00fccke von aktiver Kundenbindung zu zeitgem\u00e4\u00dfem Employer Branding.<\/strong><\/p><p>Die Kampagne wird in Deutschland von Kunden wie BMW und voestalpine in \u00d6sterreich unterst\u00fctzt. Grundlage f\u00fcr diese Kooperation ist die gro\u00dfe Kundenn\u00e4he, die die Unternehmenskultur von XiTrust pr\u00e4gt. 2021 fand dies in der Begr\u00fcndung des Xperts User Boards seinen Ausdruck. Das Forum steht f\u00fcr Kontinuit\u00e4t im Austausch zwischen XiTrust und seinen Kunden und bietet gleichzeitig die wertvolle M\u00f6glichkeit des Wissensaustausches innerhalb des Boards, \u00fcber Branchengrenzen hinweg.<\/p><p>Be present, pr\u00e4sent sein: Das ist unter den Vorzeichen der Pandemie nicht leichter geworden. Ist f\u00fcr einzelne Signaturvorg\u00e4nge physische Pr\u00e4senz im B\u00fcro vorausgesetzt, sto\u00dfen Unternehmen jeder Gr\u00f6\u00dfe schnell an ihre organisatorischen Grenzen. \u201eUnsere Kampagne \u201aBe present\u2018 zielt genau darauf ab\u201c, sagt Andreas Koller (CEO XiTrust Germany\/Switzerland). \u201eElektronische Signaturen mit MOXIS sorgen f\u00fcr eine starke Pr\u00e4senz, denn sie k\u00f6nnen immer gleich jetzt geleistet werden!\u201c<\/p><p>Pr\u00e4sent sein hei\u00dft handlungsf\u00e4hig bleiben. Pr\u00e4sent sein hei\u00dft auch: Verl\u00e4sslichkeit in allen gesch\u00e4ftlichen Prozessen. Elektronische Signaturen helfen dabei. Sie k\u00f6nnen orts- und zeitunabh\u00e4ngig geleistet werden. MOXIS ist das dazu passende Signatur-Tool. \u201eMOXIS ist ein hochmobiles Werkzeug, das nicht an Gesch\u00e4ftszeiten gebunden ist. In MOXIS verschmelzen Ort und Zeit\u201c, sagt Christoph Schomberg, Senior Editor XiTrust, der das Konzept zu \u201eBe present\u201c entwickelt hat. Zu sehen sind die Kampagnenmotive ab sofort in den sozialen Netzwerken und den Publikationen von XiTrust.com.<\/p><p>Nachfolgend finden Sie beispielhafte Motive der Kampagne zum Download und zur Verwendung.<\/p><p>Lesen Sie auch: <strong><a href=\"https:\/\/medianet.at\/news\/marketing-and-media\/xitrust-zeigt-das-hat-gesicht-44890.html\" target=\"_blank\" rel=\"noopener\">medianet.at<\/a><\/strong><\/p><p>\u00a0<\/p>\t\t\t\t\t\t\t\t<\/div>\n\t\t\t\t<\/div>\n\t\t\t\t\t<\/div>\n\t\t<\/div>\n\t\t\t\t\t<\/div>\n\t\t<\/section>\n\t\t\t\t<section data-particle_enable=\"false\" data-particle-mobile-disabled=\"false\" class=\"elementor-section elementor-top-section elementor-element elementor-element-9ad5bd3 elementor-section-boxed elementor-section-height-default elementor-section-height-default\" data-id=\"9ad5bd3\" data-element_type=\"section\" data-e-type=\"section\">\n\t\t\t\t\t\t<div class=\"elementor-container elementor-column-gap-default\">\n\t\t\t\t\t<div class=\"elementor-column elementor-col-100 elementor-top-column elementor-element elementor-element-5612de8\" data-id=\"5612de8\" data-element_type=\"column\" data-e-type=\"column\">\n\t\t\t<div class=\"elementor-widget-wrap elementor-element-populated\">\n\t\t\t\t\t\t<div class=\"elementor-element elementor-element-f1d9747 elementor-widget elementor-widget-heading\" data-id=\"f1d9747\" data-element_type=\"widget\" data-e-type=\"widget\" data-widget_type=\"heading.default\">\n\t\t\t\t<div class=\"elementor-widget-container\">\n\t\t\t\t\t<h2 class=\"elementor-heading-title elementor-size-default\">Kontakt<span>.<\/span><\/h2>\t\t\t\t<\/div>\n\t\t\t\t<\/div>\n\t\t\t\t<section data-particle_enable=\"false\" data-particle-mobile-disabled=\"false\" class=\"elementor-section elementor-inner-section elementor-element elementor-element-0930cb5 elementor-section-boxed elementor-section-height-default elementor-section-height-default\" data-id=\"0930cb5\" data-element_type=\"section\" data-e-type=\"section\">\n\t\t\t\t\t\t<div class=\"elementor-container elementor-column-gap-default\">\n\t\t\t\t\t<div class=\"elementor-column elementor-col-100 elementor-inner-column elementor-element elementor-element-2fa05d7\" data-id=\"2fa05d7\" data-element_type=\"column\" data-e-type=\"column\">\n\t\t\t<div class=\"elementor-widget-wrap elementor-element-populated\">\n\t\t\t\t\t\t<div class=\"elementor-element elementor-element-402805a elementor-widget elementor-widget-text-editor\" data-id=\"402805a\" data-element_type=\"widget\" data-e-type=\"widget\" data-widget_type=\"text-editor.default\">\n\t\t\t\t<div class=\"elementor-widget-container\">\n\t\t\t\t\t\t\t\t\t<p style=\"text-align: center;\">Presse<br><a href=\"mailto:presse@xitrust.com\"><strong>presse@xitrust.com<\/strong><\/a><\/p>\t\t\t\t\t\t\t\t<\/div>\n\t\t\t\t<\/div>\n\t\t\t\t\t<\/div>\n\t\t<\/div>\n\t\t\t\t\t<\/div>\n\t\t<\/section>\n\t\t\t\t\t<\/div>\n\t\t<\/div>\n\t\t\t\t\t<\/div>\n\t\t<\/section>\n\t\t\t\t<\/div>\n\t\t","protected":false},"excerpt":{"rendered":"<p>Presseinformation 02\/2022. Das hat Gesicht. Graz, 21.02.2022 \u2013 Mit seiner neuen Kampagne \u201eBe present\u201c bindet XiTrust Kunden wie Mitarbeiter gleicherma\u00dfen ein. Gro\u00dfformatige Portraits geben Kunden und den Mitarbeitern von XiTrust ein Gesicht. Sie alle werden mit ihrem individuellen Zugang zum Thema Gegenw\u00e4rtigkeit zitiert. Die einzigartige Kampagne schl\u00e4gt damit eine Br\u00fccke von aktiver Kundenbindung zu zeitgem\u00e4\u00dfem [&hellip;]<\/p>\n","protected":false},"author":11,"featured_media":0,"parent":32530,"menu_order":0,"comment_status":"closed","ping_status":"closed","template":"","meta":{"_eb_attr":"","site-sidebar-layout":"no-sidebar","site-content-layout":"page-builder","ast-site-content-layout":"default","site-content-style":"default","site-sidebar-style":"default","ast-global-header-display":"","ast-banner-title-visibility":"","ast-main-header-display":"","ast-hfb-above-header-display":"","ast-hfb-below-header-display":"","ast-hfb-mobile-header-display":"","site-post-title":"disabled","ast-breadcrumbs-content":"","ast-featured-img":"disabled","footer-sml-layout":"","ast-disable-related-posts":"","theme-transparent-header-meta":"default","adv-header-id-meta":"","stick-header-meta":"","header-above-stick-meta":"","header-main-stick-meta":"","header-below-stick-meta":"","astra-migrate-meta-layouts":"default","ast-page-background-enabled":"default","ast-page-background-meta":{"desktop":{"background-color":"","background-image":"","background-repeat":"repeat","background-position":"center center","background-size":"auto","background-attachment":"scroll","background-type":"","background-media":"","overlay-type":"","overlay-color":"","overlay-opacity":"","overlay-gradient":""},"tablet":{"background-color":"","background-image":"","background-repeat":"repeat","background-position":"center center","background-size":"auto","background-attachment":"scroll","background-type":"","background-media":"","overlay-type":"","overlay-color":"","overlay-opacity":"","overlay-gradient":""},"mobile":{"background-color":"","background-image":"","background-repeat":"repeat","background-position":"center center","background-size":"auto","background-attachment":"scroll","background-type":"","background-media":"","overlay-type":"","overlay-color":"","overlay-opacity":"","overlay-gradient":""}},"ast-content-background-meta":{"desktop":{"background-color":"var(--ast-global-color-5)","background-image":"","background-repeat":"repeat","background-position":"center center","background-size":"auto","background-attachment":"scroll","background-type":"","background-media":"","overlay-type":"","overlay-color":"","overlay-opacity":"","overlay-gradient":""},"tablet":{"background-color":"var(--ast-global-color-5)","background-image":"","background-repeat":"repeat","background-position":"center center","background-size":"auto","background-attachment":"scroll","background-type":"","background-media":"","overlay-type":"","overlay-color":"","overlay-opacity":"","overlay-gradient":""},"mobile":{"background-color":"var(--ast-global-color-5)","background-image":"","background-repeat":"repeat","background-position":"center center","background-size":"auto","background-attachment":"scroll","background-type":"","background-media":"","overlay-type":"","overlay-color":"","overlay-opacity":"","overlay-gradient":""}},"footnotes":"","_links_to":"","_links_to_target":""},"class_list":["post-32458","page","type-page","status-publish","hentry"],"yoast_head":"<!-- This site is optimized with the Yoast SEO Premium plugin v27.2 (Yoast SEO v27.2) - https:\/\/yoast.com\/product\/yoast-seo-premium-wordpress\/ -->\n<title>&quot;Be present&quot;: Das hat Gesicht | XiTrust - The eSignature Company<\/title>\n<meta name=\"description\" content=\"Mit seiner neuen Kampagne \u201eBe present\u201c bindet XiTrust Kunden wie Mitarbeiter gleicherma\u00dfen ein und zeigt gleichzeitig die Vorteile von MOXIS.\" \/>\n<meta name=\"robots\" content=\"index, follow, max-snippet:-1, max-image-preview:large, max-video-preview:-1\" \/>\n<link rel=\"canonical\" href=\"https:\/\/www.xitrust.com\/ch\/ueber-uns\/marketing-presse\/presseinformation-das-hat-gesicht\/\" \/>\n<meta property=\"og:locale\" content=\"de_DE\" \/>\n<meta property=\"og:type\" content=\"article\" \/>\n<meta property=\"og:title\" content=\"&quot;Be present&quot;: Das hat Gesicht\" \/>\n<meta property=\"og:description\" content=\"Mit seiner neuen Kampagne \u201eBe present\u201c bindet XiTrust Kunden wie Mitarbeiter gleicherma\u00dfen ein und zeigt gleichzeitig die Vorteile von MOXIS.\" \/>\n<meta property=\"og:url\" content=\"https:\/\/www.xitrust.com\/ch\/ueber-uns\/marketing-presse\/presseinformation-das-hat-gesicht\/\" \/>\n<meta property=\"og:site_name\" content=\"XiTrust - The eSignature Company\" \/>\n<meta property=\"article:publisher\" content=\"https:\/\/www.facebook.com\/XiTrustSecureTechnologiesGmbH\" \/>\n<meta property=\"article:modified_time\" content=\"2023-02-21T09:40:07+00:00\" \/>\n<meta name=\"twitter:card\" content=\"summary_large_image\" \/>\n<meta name=\"twitter:site\" content=\"@XiTrust_MOXIS\" \/>\n<meta name=\"twitter:label1\" content=\"Est. reading time\" \/>\n\t<meta name=\"twitter:data1\" content=\"2 minutes\" \/>\n<script type=\"application\/ld+json\" class=\"yoast-schema-graph\">{\"@context\":\"https:\/\/schema.org\",\"@graph\":[{\"@type\":\"WebPage\",\"@id\":\"https:\/\/www.xitrust.com\/ch\/ueber-uns\/marketing-presse\/presseinformation-das-hat-gesicht\/\",\"url\":\"https:\/\/www.xitrust.com\/ch\/ueber-uns\/marketing-presse\/presseinformation-das-hat-gesicht\/\",\"name\":\"\\\"Be present\\\": Das hat Gesicht | XiTrust - The eSignature Company\",\"isPartOf\":{\"@id\":\"https:\/\/www.xitrust.com\/#website\"},\"datePublished\":\"2022-02-23T11:01:53+00:00\",\"dateModified\":\"2023-02-21T09:40:07+00:00\",\"description\":\"Mit seiner neuen Kampagne \u201eBe present\u201c bindet XiTrust Kunden wie Mitarbeiter gleicherma\u00dfen ein und zeigt gleichzeitig die Vorteile von MOXIS.\",\"breadcrumb\":{\"@id\":\"https:\/\/www.xitrust.com\/ch\/ueber-uns\/marketing-presse\/presseinformation-das-hat-gesicht\/#breadcrumb\"},\"inLanguage\":\"de-CH\",\"potentialAction\":[{\"@type\":\"ReadAction\",\"target\":[\"https:\/\/www.xitrust.com\/ch\/ueber-uns\/marketing-presse\/presseinformation-das-hat-gesicht\/\"]}]},{\"@type\":\"BreadcrumbList\",\"@id\":\"https:\/\/www.xitrust.com\/ch\/ueber-uns\/marketing-presse\/presseinformation-das-hat-gesicht\/#breadcrumb\",\"itemListElement\":[{\"@type\":\"ListItem\",\"position\":1,\"name\":\"XiTrust\",\"item\":\"https:\/\/www.xitrust.com\/\"},{\"@type\":\"ListItem\",\"position\":2,\"name\":\"\u00dcber uns\",\"item\":\"https:\/\/www.xitrust.com\/ch\/ueber-uns\/\"},{\"@type\":\"ListItem\",\"position\":3,\"name\":\"Marketing &#038; Presse\",\"item\":\"https:\/\/www.xitrust.com\/ch\/ueber-uns\/marketing-presse\/\"},{\"@type\":\"ListItem\",\"position\":4,\"name\":\"&#8220;Be present&#8221;: Das hat Gesicht\"}]},{\"@type\":\"WebSite\",\"@id\":\"https:\/\/www.xitrust.com\/#website\",\"url\":\"https:\/\/www.xitrust.com\/\",\"name\":\"XiTrust - The eSignature Company\",\"description\":\"\",\"publisher\":{\"@id\":\"https:\/\/www.xitrust.com\/#organization\"},\"potentialAction\":[{\"@type\":\"SearchAction\",\"target\":{\"@type\":\"EntryPoint\",\"urlTemplate\":\"https:\/\/www.xitrust.com\/?s={search_term_string}\"},\"query-input\":{\"@type\":\"PropertyValueSpecification\",\"valueRequired\":true,\"valueName\":\"search_term_string\"}}],\"inLanguage\":\"de-CH\"},{\"@type\":\"Organization\",\"@id\":\"https:\/\/www.xitrust.com\/#organization\",\"name\":\"XiTrust - The eSignature Company\",\"url\":\"https:\/\/www.xitrust.com\/\",\"logo\":{\"@type\":\"ImageObject\",\"inLanguage\":\"de-CH\",\"@id\":\"https:\/\/www.xitrust.com\/#\/schema\/logo\/image\/\",\"url\":\"https:\/\/www.xitrust.com\/app\/uploads\/2021\/10\/logo-xitrust-sticky.png\",\"contentUrl\":\"https:\/\/www.xitrust.com\/app\/uploads\/2021\/10\/logo-xitrust-sticky.png\",\"width\":99,\"height\":78,\"caption\":\"XiTrust - The eSignature Company\"},\"image\":{\"@id\":\"https:\/\/www.xitrust.com\/#\/schema\/logo\/image\/\"},\"sameAs\":[\"https:\/\/www.facebook.com\/XiTrustSecureTechnologiesGmbH\",\"https:\/\/x.com\/XiTrust_MOXIS\",\"https:\/\/www.linkedin.com\/company\/xitrust-the-esignature-company\/\",\"https:\/\/www.youtube.com\/xitrust\"]}]}<\/script>\n<!-- \/ Yoast SEO Premium plugin. -->","yoast_head_json":{"title":"\"Be present\": Das hat Gesicht | XiTrust - The eSignature Company","description":"Mit seiner neuen Kampagne \u201eBe present\u201c bindet XiTrust Kunden wie Mitarbeiter gleicherma\u00dfen ein und zeigt gleichzeitig die Vorteile von MOXIS.","robots":{"index":"index","follow":"follow","max-snippet":"max-snippet:-1","max-image-preview":"max-image-preview:large","max-video-preview":"max-video-preview:-1"},"canonical":"https:\/\/www.xitrust.com\/ch\/ueber-uns\/marketing-presse\/presseinformation-das-hat-gesicht\/","og_locale":"de_DE","og_type":"article","og_title":"\"Be present\": Das hat Gesicht","og_description":"Mit seiner neuen Kampagne \u201eBe present\u201c bindet XiTrust Kunden wie Mitarbeiter gleicherma\u00dfen ein und zeigt gleichzeitig die Vorteile von MOXIS.","og_url":"https:\/\/www.xitrust.com\/ch\/ueber-uns\/marketing-presse\/presseinformation-das-hat-gesicht\/","og_site_name":"XiTrust - The eSignature Company","article_publisher":"https:\/\/www.facebook.com\/XiTrustSecureTechnologiesGmbH","article_modified_time":"2023-02-21T09:40:07+00:00","twitter_card":"summary_large_image","twitter_site":"@XiTrust_MOXIS","twitter_misc":{"Est. reading time":"2 minutes"},"schema":{"@context":"https:\/\/schema.org","@graph":[{"@type":"WebPage","@id":"https:\/\/www.xitrust.com\/ch\/ueber-uns\/marketing-presse\/presseinformation-das-hat-gesicht\/","url":"https:\/\/www.xitrust.com\/ch\/ueber-uns\/marketing-presse\/presseinformation-das-hat-gesicht\/","name":"\"Be present\": Das hat Gesicht | XiTrust - The eSignature Company","isPartOf":{"@id":"https:\/\/www.xitrust.com\/#website"},"datePublished":"2022-02-23T11:01:53+00:00","dateModified":"2023-02-21T09:40:07+00:00","description":"Mit seiner neuen Kampagne \u201eBe present\u201c bindet XiTrust Kunden wie Mitarbeiter gleicherma\u00dfen ein und zeigt gleichzeitig die Vorteile von MOXIS.","breadcrumb":{"@id":"https:\/\/www.xitrust.com\/ch\/ueber-uns\/marketing-presse\/presseinformation-das-hat-gesicht\/#breadcrumb"},"inLanguage":"de-CH","potentialAction":[{"@type":"ReadAction","target":["https:\/\/www.xitrust.com\/ch\/ueber-uns\/marketing-presse\/presseinformation-das-hat-gesicht\/"]}]},{"@type":"BreadcrumbList","@id":"https:\/\/www.xitrust.com\/ch\/ueber-uns\/marketing-presse\/presseinformation-das-hat-gesicht\/#breadcrumb","itemListElement":[{"@type":"ListItem","position":1,"name":"XiTrust","item":"https:\/\/www.xitrust.com\/"},{"@type":"ListItem","position":2,"name":"\u00dcber uns","item":"https:\/\/www.xitrust.com\/ch\/ueber-uns\/"},{"@type":"ListItem","position":3,"name":"Marketing &#038; Presse","item":"https:\/\/www.xitrust.com\/ch\/ueber-uns\/marketing-presse\/"},{"@type":"ListItem","position":4,"name":"&#8220;Be present&#8221;: Das hat Gesicht"}]},{"@type":"WebSite","@id":"https:\/\/www.xitrust.com\/#website","url":"https:\/\/www.xitrust.com\/","name":"XiTrust - The eSignature Company","description":"","publisher":{"@id":"https:\/\/www.xitrust.com\/#organization"},"potentialAction":[{"@type":"SearchAction","target":{"@type":"EntryPoint","urlTemplate":"https:\/\/www.xitrust.com\/?s={search_term_string}"},"query-input":{"@type":"PropertyValueSpecification","valueRequired":true,"valueName":"search_term_string"}}],"inLanguage":"de-CH"},{"@type":"Organization","@id":"https:\/\/www.xitrust.com\/#organization","name":"XiTrust - The eSignature Company","url":"https:\/\/www.xitrust.com\/","logo":{"@type":"ImageObject","inLanguage":"de-CH","@id":"https:\/\/www.xitrust.com\/#\/schema\/logo\/image\/","url":"https:\/\/www.xitrust.com\/app\/uploads\/2021\/10\/logo-xitrust-sticky.png","contentUrl":"https:\/\/www.xitrust.com\/app\/uploads\/2021\/10\/logo-xitrust-sticky.png","width":99,"height":78,"caption":"XiTrust - The eSignature Company"},"image":{"@id":"https:\/\/www.xitrust.com\/#\/schema\/logo\/image\/"},"sameAs":["https:\/\/www.facebook.com\/XiTrustSecureTechnologiesGmbH","https:\/\/x.com\/XiTrust_MOXIS","https:\/\/www.linkedin.com\/company\/xitrust-the-esignature-company\/","https:\/\/www.youtube.com\/xitrust"]}]}},"_links":{"self":[{"href":"https:\/\/www.xitrust.com\/ch\/wp-json\/wp\/v2\/pages\/32458","targetHints":{"allow":["GET"]}}],"collection":[{"href":"https:\/\/www.xitrust.com\/ch\/wp-json\/wp\/v2\/pages"}],"about":[{"href":"https:\/\/www.xitrust.com\/ch\/wp-json\/wp\/v2\/types\/page"}],"author":[{"embeddable":true,"href":"https:\/\/www.xitrust.com\/ch\/wp-json\/wp\/v2\/users\/11"}],"replies":[{"embeddable":true,"href":"https:\/\/www.xitrust.com\/ch\/wp-json\/wp\/v2\/comments?post=32458"}],"version-history":[{"count":5,"href":"https:\/\/www.xitrust.com\/ch\/wp-json\/wp\/v2\/pages\/32458\/revisions"}],"predecessor-version":[{"id":33051,"href":"https:\/\/www.xitrust.com\/ch\/wp-json\/wp\/v2\/pages\/32458\/revisions\/33051"}],"up":[{"embeddable":true,"href":"https:\/\/www.xitrust.com\/ch\/wp-json\/wp\/v2\/pages\/32530"}],"wp:attachment":[{"href":"https:\/\/www.xitrust.com\/ch\/wp-json\/wp\/v2\/media?parent=32458"}],"curies":[{"name":"wp","href":"https:\/\/api.w.org\/{rel}","templated":true}]}}